{"id":20,"date":"2018-04-16T09:10:58","date_gmt":"2018-04-16T12:10:58","guid":{"rendered":"http:\/\/localhost\/base\/sitenovo\/home\/"},"modified":"2023-05-25T14:31:38","modified_gmt":"2023-05-25T17:31:38","slug":"fabricante-de-ferragens-em-polimero","status":"publish","type":"page","link":"https:\/\/www.uniaoacessorios.com.br\/site\/","title":{"rendered":"Home"},"content":{"rendered":"<p>A Uni\u00e3o Acess\u00f3rios iniciou suas atividades em 2014 com o intuito de desenvolver e fabricar acess\u00f3rios em pol\u00edmero com alta qualidade para o mercado de vidros temperados.<\/p>","protected":false},"excerpt":{"rendered":"<p>A Uni\u00e3o Acess\u00f3rios iniciou suas atividades em 2014 com o intuito de desenvolver e fabricar acess\u00f3rios em pol\u00edmero com alta qualidade para o mercado de vidros temperados.<\/p>\n","protected":false},"author":2,"featured_media":0,"parent":0,"menu_order":-1,"comment_status":"closed","ping_status":"closed","template":"page-home.php","meta":{"_acf_changed":false,"footnotes":""},"class_list":["post-20","page","type-page","status-publish","hentry"],"acf":[],"yoast_head":"<!-- This site is optimized with the Yoast SEO plugin v26.9 - https:\/\/yoast.com\/product\/yoast-seo-wordpress\/ -->\n<title>Fabricante de Ferragens em Pol\u00edmero-Uni\u00e3o Acess\u00f3rios<\/title>\n<meta name=\"description\" content=\"Desenvolvemos e fabricamos acess\u00f3rios e ferragens em pol\u00edmero com alta qualidade para o mercado de vidros temperados. Fa\u00e7a cota\u00e7\u00e3o\" \/>\n<meta name=\"robots\" content=\"index, follow, max-snippet:-1, max-image-preview:large, max-video-preview:-1\" \/>\n<link rel=\"canonical\" href=\"http:\/\/www.uniaoacessorios.com.br\/site\/\" \/>\n<meta property=\"og:locale\" content=\"pt_BR\" \/>\n<meta property=\"og:type\" content=\"article\" \/>\n<meta property=\"og:title\" content=\"Fabricante de Ferragens em Pol\u00edmero-Uni\u00e3o Acess\u00f3rios\" \/>\n<meta property=\"og:description\" content=\"Desenvolvemos e fabricamos acess\u00f3rios e ferragens em pol\u00edmero com alta qualidade para o mercado de vidros temperados. Fa\u00e7a cota\u00e7\u00e3o\" \/>\n<meta property=\"og:url\" content=\"http:\/\/www.uniaoacessorios.com.br\/site\/\" \/>\n<meta property=\"og:site_name\" content=\"Uni\u00e3o Acess\u00f3rios para vidros\" \/>\n<meta property=\"article:publisher\" content=\"https:\/\/www.facebook.com\/uniaoferragensparavidros\" \/>\n<meta property=\"article:modified_time\" content=\"2023-05-25T17:31:38+00:00\" \/>\n<meta name=\"twitter:card\" content=\"summary_large_image\" \/>\n<meta name=\"twitter:label1\" content=\"Est. tempo de leitura\" \/>\n\t<meta name=\"twitter:data1\" content=\"1 minuto\" \/>\n<script type=\"application\/ld+json\" class=\"yoast-schema-graph\">{\"@context\":\"https:\/\/schema.org\",\"@graph\":[{\"@type\":\"WebPage\",\"@id\":\"http:\/\/www.uniaoacessorios.com.br\/site\/\",\"url\":\"http:\/\/www.uniaoacessorios.com.br\/site\/\",\"name\":\"Fabricante de Ferragens em Pol\u00edmero-Uni\u00e3o Acess\u00f3rios\",\"isPartOf\":{\"@id\":\"http:\/\/www.uniaoacessorios.com.br\/site\/#website\"},\"datePublished\":\"2018-04-16T12:10:58+00:00\",\"dateModified\":\"2023-05-25T17:31:38+00:00\",\"description\":\"Desenvolvemos e fabricamos acess\u00f3rios e ferragens em pol\u00edmero com alta qualidade para o mercado de vidros temperados. Fa\u00e7a cota\u00e7\u00e3o\",\"breadcrumb\":{\"@id\":\"http:\/\/www.uniaoacessorios.com.br\/site\/#breadcrumb\"},\"inLanguage\":\"pt-BR\",\"potentialAction\":[{\"@type\":\"ReadAction\",\"target\":[\"http:\/\/www.uniaoacessorios.com.br\/site\/\"]}]},{\"@type\":\"BreadcrumbList\",\"@id\":\"http:\/\/www.uniaoacessorios.com.br\/site\/#breadcrumb\",\"itemListElement\":[{\"@type\":\"ListItem\",\"position\":1,\"name\":\"In\u00edcio\",\"item\":\"http:\/\/www.uniaoacessorios.com.br\/site\/\"},{\"@type\":\"ListItem\",\"position\":2,\"name\":\"Home\"}]},{\"@type\":\"WebSite\",\"@id\":\"http:\/\/www.uniaoacessorios.com.br\/site\/#website\",\"url\":\"http:\/\/www.uniaoacessorios.com.br\/site\/\",\"name\":\"Uni\u00e3o Acess\u00f3rios para vidros\",\"description\":\"\",\"publisher\":{\"@id\":\"http:\/\/www.uniaoacessorios.com.br\/site\/#organization\"},\"potentialAction\":[{\"@type\":\"SearchAction\",\"target\":{\"@type\":\"EntryPoint\",\"urlTemplate\":\"http:\/\/www.uniaoacessorios.com.br\/site\/?s={search_term_string}\"},\"query-input\":{\"@type\":\"PropertyValueSpecification\",\"valueRequired\":true,\"valueName\":\"search_term_string\"}}],\"inLanguage\":\"pt-BR\"},{\"@type\":\"Organization\",\"@id\":\"http:\/\/www.uniaoacessorios.com.br\/site\/#organization\",\"name\":\"Uni\u00e3o Acess\u00f3rios\",\"url\":\"http:\/\/www.uniaoacessorios.com.br\/site\/\",\"logo\":{\"@type\":\"ImageObject\",\"inLanguage\":\"pt-BR\",\"@id\":\"http:\/\/www.uniaoacessorios.com.br\/site\/#\/schema\/logo\/image\/\",\"url\":\"https:\/\/www.uniaoacessorios.com.br\/homologacao\/wp-content\/uploads\/2022\/04\/logo-big.jpg\",\"contentUrl\":\"https:\/\/www.uniaoacessorios.com.br\/homologacao\/wp-content\/uploads\/2022\/04\/logo-big.jpg\",\"width\":1200,\"height\":411,\"caption\":\"Uni\u00e3o Acess\u00f3rios\"},\"image\":{\"@id\":\"http:\/\/www.uniaoacessorios.com.br\/site\/#\/schema\/logo\/image\/\"},\"sameAs\":[\"https:\/\/www.facebook.com\/uniaoferragensparavidros\",\"https:\/\/www.instagram.com\/uniaoferragens\"]}]}<\/script>\n<!-- \/ Yoast SEO plugin. -->","yoast_head_json":{"title":"Fabricante de Ferragens em Pol\u00edmero-Uni\u00e3o Acess\u00f3rios","description":"Desenvolvemos e fabricamos acess\u00f3rios e ferragens em pol\u00edmero com alta qualidade para o mercado de vidros temperados. Fa\u00e7a cota\u00e7\u00e3o","robots":{"index":"index","follow":"follow","max-snippet":"max-snippet:-1","max-image-preview":"max-image-preview:large","max-video-preview":"max-video-preview:-1"},"canonical":"http:\/\/www.uniaoacessorios.com.br\/site\/","og_locale":"pt_BR","og_type":"article","og_title":"Fabricante de Ferragens em Pol\u00edmero-Uni\u00e3o Acess\u00f3rios","og_description":"Desenvolvemos e fabricamos acess\u00f3rios e ferragens em pol\u00edmero com alta qualidade para o mercado de vidros temperados. Fa\u00e7a cota\u00e7\u00e3o","og_url":"http:\/\/www.uniaoacessorios.com.br\/site\/","og_site_name":"Uni\u00e3o Acess\u00f3rios para vidros","article_publisher":"https:\/\/www.facebook.com\/uniaoferragensparavidros","article_modified_time":"2023-05-25T17:31:38+00:00","twitter_card":"summary_large_image","twitter_misc":{"Est. tempo de leitura":"1 minuto"},"schema":{"@context":"https:\/\/schema.org","@graph":[{"@type":"WebPage","@id":"http:\/\/www.uniaoacessorios.com.br\/site\/","url":"http:\/\/www.uniaoacessorios.com.br\/site\/","name":"Fabricante de Ferragens em Pol\u00edmero-Uni\u00e3o Acess\u00f3rios","isPartOf":{"@id":"http:\/\/www.uniaoacessorios.com.br\/site\/#website"},"datePublished":"2018-04-16T12:10:58+00:00","dateModified":"2023-05-25T17:31:38+00:00","description":"Desenvolvemos e fabricamos acess\u00f3rios e ferragens em pol\u00edmero com alta qualidade para o mercado de vidros temperados. Fa\u00e7a cota\u00e7\u00e3o","breadcrumb":{"@id":"http:\/\/www.uniaoacessorios.com.br\/site\/#breadcrumb"},"inLanguage":"pt-BR","potentialAction":[{"@type":"ReadAction","target":["http:\/\/www.uniaoacessorios.com.br\/site\/"]}]},{"@type":"BreadcrumbList","@id":"http:\/\/www.uniaoacessorios.com.br\/site\/#breadcrumb","itemListElement":[{"@type":"ListItem","position":1,"name":"In\u00edcio","item":"http:\/\/www.uniaoacessorios.com.br\/site\/"},{"@type":"ListItem","position":2,"name":"Home"}]},{"@type":"WebSite","@id":"http:\/\/www.uniaoacessorios.com.br\/site\/#website","url":"http:\/\/www.uniaoacessorios.com.br\/site\/","name":"Uni\u00e3o Acess\u00f3rios para vidros","description":"","publisher":{"@id":"http:\/\/www.uniaoacessorios.com.br\/site\/#organization"},"potentialAction":[{"@type":"SearchAction","target":{"@type":"EntryPoint","urlTemplate":"http:\/\/www.uniaoacessorios.com.br\/site\/?s={search_term_string}"},"query-input":{"@type":"PropertyValueSpecification","valueRequired":true,"valueName":"search_term_string"}}],"inLanguage":"pt-BR"},{"@type":"Organization","@id":"http:\/\/www.uniaoacessorios.com.br\/site\/#organization","name":"Uni\u00e3o Acess\u00f3rios","url":"http:\/\/www.uniaoacessorios.com.br\/site\/","logo":{"@type":"ImageObject","inLanguage":"pt-BR","@id":"http:\/\/www.uniaoacessorios.com.br\/site\/#\/schema\/logo\/image\/","url":"https:\/\/www.uniaoacessorios.com.br\/homologacao\/wp-content\/uploads\/2022\/04\/logo-big.jpg","contentUrl":"https:\/\/www.uniaoacessorios.com.br\/homologacao\/wp-content\/uploads\/2022\/04\/logo-big.jpg","width":1200,"height":411,"caption":"Uni\u00e3o Acess\u00f3rios"},"image":{"@id":"http:\/\/www.uniaoacessorios.com.br\/site\/#\/schema\/logo\/image\/"},"sameAs":["https:\/\/www.facebook.com\/uniaoferragensparavidros","https:\/\/www.instagram.com\/uniaoferragens"]}]}},"_links":{"self":[{"href":"https:\/\/www.uniaoacessorios.com.br\/site\/wp-json\/wp\/v2\/pages\/20","targetHints":{"allow":["GET"]}}],"collection":[{"href":"https:\/\/www.uniaoacessorios.com.br\/site\/wp-json\/wp\/v2\/pages"}],"about":[{"href":"https:\/\/www.uniaoacessorios.com.br\/site\/wp-json\/wp\/v2\/types\/page"}],"author":[{"embeddable":true,"href":"https:\/\/www.uniaoacessorios.com.br\/site\/wp-json\/wp\/v2\/users\/2"}],"replies":[{"embeddable":true,"href":"https:\/\/www.uniaoacessorios.com.br\/site\/wp-json\/wp\/v2\/comments?post=20"}],"version-history":[{"count":36,"href":"https:\/\/www.uniaoacessorios.com.br\/site\/wp-json\/wp\/v2\/pages\/20\/revisions"}],"predecessor-version":[{"id":5014,"href":"https:\/\/www.uniaoacessorios.com.br\/site\/wp-json\/wp\/v2\/pages\/20\/revisions\/5014"}],"wp:attachment":[{"href":"https:\/\/www.uniaoacessorios.com.br\/site\/wp-json\/wp\/v2\/media?parent=20"}],"curies":[{"name":"wp","href":"https:\/\/api.w.org\/{rel}","templated":true}]}}