{"id":15,"date":"2018-04-16T08:53:15","date_gmt":"2018-04-16T11:53:15","guid":{"rendered":"http:\/\/localhost\/base\/sitenovo\/?page_id=15"},"modified":"2022-04-09T10:46:36","modified_gmt":"2022-04-09T13:46:36","slug":"contato","status":"publish","type":"page","link":"https:\/\/www.uniaoacessorios.com.br\/site\/contato\/","title":{"rendered":"Contato"},"content":{"rendered":"<p>Preencha o formul\u00e1rio abaixo para entrar em contato conosco.<br \/>\nOu fale conosco atrav\u00e9s de nosso telefone, e-mail e endere\u00e7o <span class=\"d-none d-md-inline\">ao lado<\/span><span class=\"d-md-none\">abaixo<\/span> do formul\u00e1rio.<\/p>\n","protected":false},"excerpt":{"rendered":"<p>Preencha o formul\u00e1rio abaixo para entrar em contato conosco. Ou fale conosco atrav\u00e9s de nosso telefone, e-mail e endere\u00e7o ao ladoabaixo do formul\u00e1rio.<\/p>\n","protected":false},"author":2,"featured_media":0,"parent":0,"menu_order":0,"comment_status":"closed","ping_status":"closed","template":"page-fale-conosco.php","meta":{"_acf_changed":false,"footnotes":""},"class_list":["post-15","page","type-page","status-publish","hentry"],"acf":[],"yoast_head":"<!-- This site is optimized with the Yoast SEO plugin v26.9 - https:\/\/yoast.com\/product\/yoast-seo-wordpress\/ -->\n<title>Contato - Uni\u00e3o Acess\u00f3rios para vidros<\/title>\n<meta name=\"robots\" content=\"index, follow, max-snippet:-1, max-image-preview:large, max-video-preview:-1\" \/>\n<link rel=\"canonical\" href=\"https:\/\/www.uniaoacessorios.com.br\/site\/contato\/\" \/>\n<meta property=\"og:locale\" content=\"pt_BR\" \/>\n<meta property=\"og:type\" content=\"article\" \/>\n<meta property=\"og:title\" content=\"Contato - Uni\u00e3o Acess\u00f3rios para vidros\" \/>\n<meta property=\"og:description\" content=\"Preencha o formul\u00e1rio abaixo para entrar em contato conosco. Ou fale conosco atrav\u00e9s de nosso telefone, e-mail e endere\u00e7o ao ladoabaixo do formul\u00e1rio.\" \/>\n<meta property=\"og:url\" content=\"https:\/\/www.uniaoacessorios.com.br\/site\/contato\/\" \/>\n<meta property=\"og:site_name\" content=\"Uni\u00e3o Acess\u00f3rios para vidros\" \/>\n<meta property=\"article:publisher\" content=\"https:\/\/www.facebook.com\/uniaoferragensparavidros\" \/>\n<meta property=\"article:modified_time\" content=\"2022-04-09T13:46:36+00:00\" \/>\n<meta name=\"twitter:card\" content=\"summary_large_image\" \/>\n<script type=\"application\/ld+json\" class=\"yoast-schema-graph\">{\"@context\":\"https:\/\/schema.org\",\"@graph\":[{\"@type\":\"WebPage\",\"@id\":\"https:\/\/www.uniaoacessorios.com.br\/site\/contato\/\",\"url\":\"https:\/\/www.uniaoacessorios.com.br\/site\/contato\/\",\"name\":\"Contato - Uni\u00e3o Acess\u00f3rios para vidros\",\"isPartOf\":{\"@id\":\"http:\/\/www.uniaoacessorios.com.br\/site\/#website\"},\"datePublished\":\"2018-04-16T11:53:15+00:00\",\"dateModified\":\"2022-04-09T13:46:36+00:00\",\"breadcrumb\":{\"@id\":\"https:\/\/www.uniaoacessorios.com.br\/site\/contato\/#breadcrumb\"},\"inLanguage\":\"pt-BR\",\"potentialAction\":[{\"@type\":\"ReadAction\",\"target\":[\"https:\/\/www.uniaoacessorios.com.br\/site\/contato\/\"]}]},{\"@type\":\"BreadcrumbList\",\"@id\":\"https:\/\/www.uniaoacessorios.com.br\/site\/contato\/#breadcrumb\",\"itemListElement\":[{\"@type\":\"ListItem\",\"position\":1,\"name\":\"In\u00edcio\",\"item\":\"http:\/\/www.uniaoacessorios.com.br\/site\/\"},{\"@type\":\"ListItem\",\"position\":2,\"name\":\"Contato\"}]},{\"@type\":\"WebSite\",\"@id\":\"http:\/\/www.uniaoacessorios.com.br\/site\/#website\",\"url\":\"http:\/\/www.uniaoacessorios.com.br\/site\/\",\"name\":\"Uni\u00e3o Acess\u00f3rios para vidros\",\"description\":\"\",\"publisher\":{\"@id\":\"http:\/\/www.uniaoacessorios.com.br\/site\/#organization\"},\"potentialAction\":[{\"@type\":\"SearchAction\",\"target\":{\"@type\":\"EntryPoint\",\"urlTemplate\":\"http:\/\/www.uniaoacessorios.com.br\/site\/?s={search_term_string}\"},\"query-input\":{\"@type\":\"PropertyValueSpecification\",\"valueRequired\":true,\"valueName\":\"search_term_string\"}}],\"inLanguage\":\"pt-BR\"},{\"@type\":\"Organization\",\"@id\":\"http:\/\/www.uniaoacessorios.com.br\/site\/#organization\",\"name\":\"Uni\u00e3o Acess\u00f3rios\",\"url\":\"http:\/\/www.uniaoacessorios.com.br\/site\/\",\"logo\":{\"@type\":\"ImageObject\",\"inLanguage\":\"pt-BR\",\"@id\":\"http:\/\/www.uniaoacessorios.com.br\/site\/#\/schema\/logo\/image\/\",\"url\":\"https:\/\/www.uniaoacessorios.com.br\/homologacao\/wp-content\/uploads\/2022\/04\/logo-big.jpg\",\"contentUrl\":\"https:\/\/www.uniaoacessorios.com.br\/homologacao\/wp-content\/uploads\/2022\/04\/logo-big.jpg\",\"width\":1200,\"height\":411,\"caption\":\"Uni\u00e3o Acess\u00f3rios\"},\"image\":{\"@id\":\"http:\/\/www.uniaoacessorios.com.br\/site\/#\/schema\/logo\/image\/\"},\"sameAs\":[\"https:\/\/www.facebook.com\/uniaoferragensparavidros\",\"https:\/\/www.instagram.com\/uniaoferragens\"]}]}<\/script>\n<!-- \/ Yoast SEO plugin. -->","yoast_head_json":{"title":"Contato - Uni\u00e3o Acess\u00f3rios para vidros","robots":{"index":"index","follow":"follow","max-snippet":"max-snippet:-1","max-image-preview":"max-image-preview:large","max-video-preview":"max-video-preview:-1"},"canonical":"https:\/\/www.uniaoacessorios.com.br\/site\/contato\/","og_locale":"pt_BR","og_type":"article","og_title":"Contato - Uni\u00e3o Acess\u00f3rios para vidros","og_description":"Preencha o formul\u00e1rio abaixo para entrar em contato conosco. Ou fale conosco atrav\u00e9s de nosso telefone, e-mail e endere\u00e7o ao ladoabaixo do formul\u00e1rio.","og_url":"https:\/\/www.uniaoacessorios.com.br\/site\/contato\/","og_site_name":"Uni\u00e3o Acess\u00f3rios para vidros","article_publisher":"https:\/\/www.facebook.com\/uniaoferragensparavidros","article_modified_time":"2022-04-09T13:46:36+00:00","twitter_card":"summary_large_image","schema":{"@context":"https:\/\/schema.org","@graph":[{"@type":"WebPage","@id":"https:\/\/www.uniaoacessorios.com.br\/site\/contato\/","url":"https:\/\/www.uniaoacessorios.com.br\/site\/contato\/","name":"Contato - Uni\u00e3o Acess\u00f3rios para vidros","isPartOf":{"@id":"http:\/\/www.uniaoacessorios.com.br\/site\/#website"},"datePublished":"2018-04-16T11:53:15+00:00","dateModified":"2022-04-09T13:46:36+00:00","breadcrumb":{"@id":"https:\/\/www.uniaoacessorios.com.br\/site\/contato\/#breadcrumb"},"inLanguage":"pt-BR","potentialAction":[{"@type":"ReadAction","target":["https:\/\/www.uniaoacessorios.com.br\/site\/contato\/"]}]},{"@type":"BreadcrumbList","@id":"https:\/\/www.uniaoacessorios.com.br\/site\/contato\/#breadcrumb","itemListElement":[{"@type":"ListItem","position":1,"name":"In\u00edcio","item":"http:\/\/www.uniaoacessorios.com.br\/site\/"},{"@type":"ListItem","position":2,"name":"Contato"}]},{"@type":"WebSite","@id":"http:\/\/www.uniaoacessorios.com.br\/site\/#website","url":"http:\/\/www.uniaoacessorios.com.br\/site\/","name":"Uni\u00e3o Acess\u00f3rios para vidros","description":"","publisher":{"@id":"http:\/\/www.uniaoacessorios.com.br\/site\/#organization"},"potentialAction":[{"@type":"SearchAction","target":{"@type":"EntryPoint","urlTemplate":"http:\/\/www.uniaoacessorios.com.br\/site\/?s={search_term_string}"},"query-input":{"@type":"PropertyValueSpecification","valueRequired":true,"valueName":"search_term_string"}}],"inLanguage":"pt-BR"},{"@type":"Organization","@id":"http:\/\/www.uniaoacessorios.com.br\/site\/#organization","name":"Uni\u00e3o Acess\u00f3rios","url":"http:\/\/www.uniaoacessorios.com.br\/site\/","logo":{"@type":"ImageObject","inLanguage":"pt-BR","@id":"http:\/\/www.uniaoacessorios.com.br\/site\/#\/schema\/logo\/image\/","url":"https:\/\/www.uniaoacessorios.com.br\/homologacao\/wp-content\/uploads\/2022\/04\/logo-big.jpg","contentUrl":"https:\/\/www.uniaoacessorios.com.br\/homologacao\/wp-content\/uploads\/2022\/04\/logo-big.jpg","width":1200,"height":411,"caption":"Uni\u00e3o Acess\u00f3rios"},"image":{"@id":"http:\/\/www.uniaoacessorios.com.br\/site\/#\/schema\/logo\/image\/"},"sameAs":["https:\/\/www.facebook.com\/uniaoferragensparavidros","https:\/\/www.instagram.com\/uniaoferragens"]}]}},"_links":{"self":[{"href":"https:\/\/www.uniaoacessorios.com.br\/site\/wp-json\/wp\/v2\/pages\/15","targetHints":{"allow":["GET"]}}],"collection":[{"href":"https:\/\/www.uniaoacessorios.com.br\/site\/wp-json\/wp\/v2\/pages"}],"about":[{"href":"https:\/\/www.uniaoacessorios.com.br\/site\/wp-json\/wp\/v2\/types\/page"}],"author":[{"embeddable":true,"href":"https:\/\/www.uniaoacessorios.com.br\/site\/wp-json\/wp\/v2\/users\/2"}],"replies":[{"embeddable":true,"href":"https:\/\/www.uniaoacessorios.com.br\/site\/wp-json\/wp\/v2\/comments?post=15"}],"version-history":[{"count":3,"href":"https:\/\/www.uniaoacessorios.com.br\/site\/wp-json\/wp\/v2\/pages\/15\/revisions"}],"predecessor-version":[{"id":95,"href":"https:\/\/www.uniaoacessorios.com.br\/site\/wp-json\/wp\/v2\/pages\/15\/revisions\/95"}],"wp:attachment":[{"href":"https:\/\/www.uniaoacessorios.com.br\/site\/wp-json\/wp\/v2\/media?parent=15"}],"curies":[{"name":"wp","href":"https:\/\/api.w.org\/{rel}","templated":true}]}}